{"id":17,"date":"2025-12-13T01:05:40","date_gmt":"2025-12-13T06:05:40","guid":{"rendered":"https:\/\/bingeeks.websintec.com\/?page_id=17"},"modified":"2025-12-23T01:11:04","modified_gmt":"2025-12-23T06:11:04","slug":"inicio","status":"publish","type":"page","link":"https:\/\/bingeeks.websintec.com\/","title":{"rendered":"Inicio"},"content":{"rendered":"\t\t<div data-elementor-type=\"wp-page\" data-elementor-id=\"17\" class=\"elementor elementor-17\" data-elementor-post-type=\"page\">\n\t\t\t\t<div class=\"elementor-element elementor-element-2e26d42 e-grid e-con-full e-con e-parent\" data-id=\"2e26d42\" data-element_type=\"container\">\n\t\t\t\t<div class=\"elementor-element elementor-element-819c4bf elementor-widget elementor-widget-html\" data-id=\"819c4bf\" data-element_type=\"widget\" data-widget_type=\"html.default\">\n\t\t\t\t\t<style>\r\n.elementor-section {\r\n  position: relative;\r\n}\r\n\r\n.slider-progress-top {\r\n  width: 100%;\r\n  height: 6px;\r\n  background: rgba(0,0,0,0.15);\r\n  position: absolute;\r\n  top: 0;\r\n  left: 0;\r\n  z-index: 20;\r\n  overflow: hidden;\r\n}\r\n\r\n.slider-progress-top span {\r\n  display: block;\r\n  height: 100%;\r\n  width: 0%;\r\n  background: linear-gradient(\r\n    90deg,\r\n    #B7CC16,\r\n    #39b54a,\r\n    #77bebb\r\n  );\r\n}\r\n<\/style>\r\n\r\n<div class=\"slider-progress-top\">\r\n  <span><\/span>\r\n<\/div>\r\n\r\n<script>\r\njQuery(document).ready(function ($) {\r\n  var autoplaySpeed = 5000; \/\/ MISMO tiempo del slider\r\n  var bar = $('.slider-progress-top span');\r\n\r\n  function startLoop() {\r\n    bar\r\n      .stop(true, true)\r\n      .css('width', '0%')\r\n      .animate(\r\n        { width: '100%' },\r\n        autoplaySpeed,\r\n        'linear',\r\n        function () {\r\n          startLoop(); \/\/ \ud83d\udd01 vuelve a empezar siempre\r\n        }\r\n      );\r\n  }\r\n\r\n  startLoop();\r\n});\r\n<\/script>\t\t\t\t<\/div>\n\t\t\t\t<div class=\"elementor-element elementor-element-e46dc97 elementor--h-position-left slider1 elementor--v-position-middle elementor-arrows-position-inside elementor-pagination-position-inside elementor-widget elementor-widget-slides\" data-id=\"e46dc97\" data-element_type=\"widget\" id=\"slider1\" data-settings=\"{&quot;autoplay_speed&quot;:500000,&quot;navigation&quot;:&quot;both&quot;,&quot;autoplay&quot;:&quot;yes&quot;,&quot;pause_on_hover&quot;:&quot;yes&quot;,&quot;pause_on_interaction&quot;:&quot;yes&quot;,&quot;infinite&quot;:&quot;yes&quot;,&quot;transition&quot;:&quot;slide&quot;,&quot;transition_speed&quot;:500}\" data-widget_type=\"slides.default\">\n\t\t\t\t\t\t\t\t\t\t<div class=\"elementor-slides-wrapper elementor-main-swiper swiper\" role=\"region\" aria-roledescription=\"carousel\" aria-label=\"Slides\" dir=\"ltr\" data-animation=\"fadeInUp\">\n\t\t\t\t<div class=\"swiper-wrapper elementor-slides\">\n\t\t\t\t\t\t\t\t\t\t<div class=\"elementor-repeater-item-f4570cc swiper-slide\" role=\"group\" aria-roledescription=\"slide\"><div class=\"swiper-slide-bg\" role=\"img\"><\/div><div class=\"swiper-slide-inner\" ><div class=\"swiper-slide-contents\"><div class=\"elementor-slide-description\"><span class=\"texto1\">\n  Dise\u00f1amos tu<br>\n  <span class=\"destacado1\">Identidad Corporativa<\/span><br>\n  Ideas innovadoras<br>\n  Acompa\u00f1amiento constante<br>\n  Resultados increibles\n<\/span>\n<\/div><\/div><\/div><\/div><div class=\"elementor-repeater-item-c6e318e swiper-slide\" role=\"group\" aria-roledescription=\"slide\"><div class=\"swiper-slide-bg\" role=\"img\"><\/div><div class=\"swiper-slide-inner\" ><div class=\"swiper-slide-contents\"><div class=\"elementor-slide-description\"><span class=\"texto2\">\n  Desarrollamos tu<br>\n  <span class=\"destacado2\">P\u00e1gina Web<\/span><br>\n  Dise\u00f1os Responsivos<br>\n  Sitios Optimizados<br>\n  Desarrollamos con las \u00faltimas tecnolog\u00edas\n<\/span><\/div><\/div><\/div><\/div><div class=\"elementor-repeater-item-6ff01f6 swiper-slide\" role=\"group\" aria-roledescription=\"slide\"><div class=\"swiper-slide-bg\" role=\"img\"><\/div><div class=\"swiper-slide-inner\" ><div class=\"swiper-slide-contents\"><div class=\"elementor-slide-description\">Dise\u00f1amos tu<br>\n<span class=\"destacado\">Identidad Corporativa<\/span><br>\nIdeas innovadoras<br>\nAcompa\u00f1amiento constante<br>\nResultados increibles\n\n<\/div><\/div><\/div><\/div>\t\t\t\t<\/div>\n\t\t\t\t\t\t\t\t\t\t\t\t\t\t\t<div class=\"elementor-swiper-button elementor-swiper-button-prev\" role=\"button\" tabindex=\"0\" aria-label=\"Previous slide\">\n\t\t\t\t\t\t\t<svg aria-hidden=\"true\" class=\"e-font-icon-svg e-eicon-chevron-left\" viewBox=\"0 0 1000 1000\" xmlns=\"http:\/\/www.w3.org\/2000\/svg\"><path d=\"M646 125C629 125 613 133 604 142L308 442C296 454 292 471 292 487 292 504 296 521 308 533L604 854C617 867 629 875 646 875 663 875 679 871 692 858 704 846 713 829 713 812 713 796 708 779 692 767L438 487 692 225C700 217 708 204 708 187 708 171 704 154 692 142 675 129 663 125 646 125Z\"><\/path><\/svg>\t\t\t\t\t\t<\/div>\n\t\t\t\t\t\t<div class=\"elementor-swiper-button elementor-swiper-button-next\" role=\"button\" tabindex=\"0\" aria-label=\"Next slide\">\n\t\t\t\t\t\t\t<svg aria-hidden=\"true\" class=\"e-font-icon-svg e-eicon-chevron-right\" viewBox=\"0 0 1000 1000\" xmlns=\"http:\/\/www.w3.org\/2000\/svg\"><path d=\"M696 533C708 521 713 504 713 487 713 471 708 454 696 446L400 146C388 133 375 125 354 125 338 125 325 129 313 142 300 154 292 171 292 187 292 204 296 221 308 233L563 492 304 771C292 783 288 800 288 817 288 833 296 850 308 863 321 871 338 875 354 875 371 875 388 867 400 854L696 533Z\"><\/path><\/svg>\t\t\t\t\t\t<\/div>\n\t\t\t\t\t\t\t\t\t\t\t\t\t\t\t\t<div class=\"swiper-pagination\"><\/div>\n\t\t\t\t\t\t\t\t\t\t\t\t<\/div>\n\t\t\t\t\t\t\t\t<\/div>\n\t\t\t\t<\/div>\n\t\t<div class=\"elementor-element elementor-element-b0e2d1f e-flex e-con-boxed e-con e-parent\" data-id=\"b0e2d1f\" data-element_type=\"container\">\n\t\t\t\t\t<div class=\"e-con-inner\">\n\t\t<div class=\"elementor-element elementor-element-99a6714 e-con-full e-flex e-con e-child\" data-id=\"99a6714\" data-element_type=\"container\">\n\t\t\t\t<div class=\"elementor-element elementor-element-7cb5e91 elementor-widget elementor-widget-heading\" data-id=\"7cb5e91\" data-element_type=\"widget\" data-widget_type=\"heading.default\">\n\t\t\t\t\t<h2 class=\"elementor-heading-title elementor-size-default\">NUESTROS SERVICIOS<\/h2>\t\t\t\t<\/div>\n\t\t\t\t<\/div>\n\t\t<div class=\"elementor-element elementor-element-2ff44fd e-con-full e-flex e-con e-child\" data-id=\"2ff44fd\" data-element_type=\"container\">\n\t\t<div class=\"elementor-element elementor-element-1689955 e-con-full e-flex e-con e-child\" data-id=\"1689955\" data-element_type=\"container\" data-settings=\"{&quot;animation&quot;:&quot;none&quot;}\">\n\t\t\t\t<div class=\"elementor-element elementor-element-68c35c8 elementor-invisible elementor-widget elementor-widget-image\" data-id=\"68c35c8\" data-element_type=\"widget\" data-settings=\"{&quot;_animation&quot;:&quot;fadeInLeft&quot;}\" data-widget_type=\"image.default\">\n\t\t\t\t\t\t\t\t\t\t\t\t\t\t\t<img fetchpriority=\"high\" decoding=\"async\" width=\"400\" height=\"400\" src=\"https:\/\/bingeeks.websintec.com\/wp-content\/uploads\/2025\/12\/Desarrollo-Web.png\" class=\"attachment-large size-large wp-image-12\" alt=\"\" srcset=\"https:\/\/bingeeks.websintec.com\/wp-content\/uploads\/2025\/12\/Desarrollo-Web.png 400w, https:\/\/bingeeks.websintec.com\/wp-content\/uploads\/2025\/12\/Desarrollo-Web-300x300.png 300w, https:\/\/bingeeks.websintec.com\/wp-content\/uploads\/2025\/12\/Desarrollo-Web-150x150.png 150w\" sizes=\"(max-width: 400px) 100vw, 400px\" \/>\t\t\t\t\t\t\t\t\t\t\t\t\t\t\t<\/div>\n\t\t\t\t<div class=\"elementor-element elementor-element-b2abf57 elementor-widget elementor-widget-heading\" data-id=\"b2abf57\" data-element_type=\"widget\" data-widget_type=\"heading.default\">\n\t\t\t\t\t<h3 class=\"elementor-heading-title elementor-size-default\">Desarrollo web<\/h3>\t\t\t\t<\/div>\n\t\t\t\t<\/div>\n\t\t<div class=\"elementor-element elementor-element-5e7021d e-con-full e-flex e-con e-child\" data-id=\"5e7021d\" data-element_type=\"container\">\n\t\t\t\t<div class=\"elementor-element elementor-element-e9ae38c elementor-invisible elementor-widget elementor-widget-image\" data-id=\"e9ae38c\" data-element_type=\"widget\" data-settings=\"{&quot;_animation&quot;:&quot;fadeInUp&quot;}\" data-widget_type=\"image.default\">\n\t\t\t\t\t\t\t\t\t\t\t\t\t\t\t<img decoding=\"async\" width=\"512\" height=\"512\" src=\"https:\/\/bingeeks.websintec.com\/wp-content\/uploads\/2025\/12\/base-de-datos.png\" class=\"attachment-large size-large wp-image-77\" alt=\"\" srcset=\"https:\/\/bingeeks.websintec.com\/wp-content\/uploads\/2025\/12\/base-de-datos.png 512w, https:\/\/bingeeks.websintec.com\/wp-content\/uploads\/2025\/12\/base-de-datos-300x300.png 300w, https:\/\/bingeeks.websintec.com\/wp-content\/uploads\/2025\/12\/base-de-datos-150x150.png 150w\" sizes=\"(max-width: 512px) 100vw, 512px\" \/>\t\t\t\t\t\t\t\t\t\t\t\t\t\t\t<\/div>\n\t\t\t\t<div class=\"elementor-element elementor-element-59d441d elementor-widget elementor-widget-heading\" data-id=\"59d441d\" data-element_type=\"widget\" data-widget_type=\"heading.default\">\n\t\t\t\t\t<h3 class=\"elementor-heading-title elementor-size-default\">Plataformas<\/h3>\t\t\t\t<\/div>\n\t\t\t\t<\/div>\n\t\t<div class=\"elementor-element elementor-element-a68e919 e-con-full e-flex e-con e-child\" data-id=\"a68e919\" data-element_type=\"container\">\n\t\t\t\t<div class=\"elementor-element elementor-element-d8b1289 elementor-invisible elementor-widget elementor-widget-image\" data-id=\"d8b1289\" data-element_type=\"widget\" data-settings=\"{&quot;_animation&quot;:&quot;fadeInDown&quot;}\" data-widget_type=\"image.default\">\n\t\t\t\t\t\t\t\t\t\t\t\t\t\t\t<img decoding=\"async\" width=\"150\" height=\"150\" src=\"https:\/\/bingeeks.websintec.com\/wp-content\/uploads\/2025\/12\/Desarrollo-Movil-150x150-1.png\" class=\"attachment-large size-large wp-image-10\" alt=\"\" \/>\t\t\t\t\t\t\t\t\t\t\t\t\t\t\t<\/div>\n\t\t\t\t<div class=\"elementor-element elementor-element-e1fc7f3 elementor-widget elementor-widget-heading\" data-id=\"e1fc7f3\" data-element_type=\"widget\" data-widget_type=\"heading.default\">\n\t\t\t\t\t<h3 class=\"elementor-heading-title elementor-size-default\">Desarrollo m\u00f3vil<\/h3>\t\t\t\t<\/div>\n\t\t\t\t<\/div>\n\t\t<div class=\"elementor-element elementor-element-197c80e e-con-full e-flex e-con e-child\" data-id=\"197c80e\" data-element_type=\"container\">\n\t\t\t\t<div class=\"elementor-element elementor-element-bd44651 elementor-invisible elementor-widget elementor-widget-image\" data-id=\"bd44651\" data-element_type=\"widget\" data-settings=\"{&quot;_animation&quot;:&quot;fadeInRight&quot;}\" data-widget_type=\"image.default\">\n\t\t\t\t\t\t\t\t\t\t\t\t\t\t\t<img loading=\"lazy\" decoding=\"async\" width=\"150\" height=\"150\" src=\"https:\/\/bingeeks.websintec.com\/wp-content\/uploads\/2025\/12\/vector-150x150-1.png\" class=\"attachment-large size-large wp-image-14\" alt=\"\" \/>\t\t\t\t\t\t\t\t\t\t\t\t\t\t\t<\/div>\n\t\t\t\t<div class=\"elementor-element elementor-element-9ff1a87 elementor-widget elementor-widget-heading\" data-id=\"9ff1a87\" data-element_type=\"widget\" data-widget_type=\"heading.default\">\n\t\t\t\t\t<h3 class=\"elementor-heading-title elementor-size-default\">Dise\u00f1o Gr\u00e1fico<\/h3>\t\t\t\t<\/div>\n\t\t\t\t<\/div>\n\t\t\t\t<\/div>\n\t\t\t\t\t<\/div>\n\t\t\t\t<\/div>\n\t\t<div class=\"elementor-element elementor-element-af275c2 e-con-full e-flex e-con e-parent\" data-id=\"af275c2\" data-element_type=\"container\" data-settings=\"{&quot;background_background&quot;:&quot;classic&quot;}\">\n\t\t<div class=\"elementor-element elementor-element-ca3d0d1 e-flex e-con-boxed e-con e-child\" data-id=\"ca3d0d1\" data-element_type=\"container\">\n\t\t\t\t\t<div class=\"e-con-inner\">\n\t\t<div class=\"elementor-element elementor-element-a47e764 e-con-full e-flex e-con e-child\" data-id=\"a47e764\" data-element_type=\"container\">\n\t\t\t\t<div class=\"elementor-element elementor-element-c020c05 elementor-widget elementor-widget-heading\" data-id=\"c020c05\" data-element_type=\"widget\" data-widget_type=\"heading.default\">\n\t\t\t\t\t<h2 class=\"elementor-heading-title elementor-size-default\">COMPROMETIDOS CON NUESTROS CLIENTES<\/h2>\t\t\t\t<\/div>\n\t\t\t\t<\/div>\n\t\t<div class=\"elementor-element elementor-element-3c78b10 e-con-full e-flex e-con e-child\" data-id=\"3c78b10\" data-element_type=\"container\">\n\t\t<div class=\"elementor-element elementor-element-84a5898 e-con-full e-flex e-con e-child\" data-id=\"84a5898\" data-element_type=\"container\">\n\t\t\t\t<div class=\"elementor-element elementor-element-bb994ed elementor-invisible elementor-widget elementor-widget-image\" data-id=\"bb994ed\" data-element_type=\"widget\" data-settings=\"{&quot;_animation&quot;:&quot;fadeInLeft&quot;}\" data-widget_type=\"image.default\">\n\t\t\t\t\t\t\t\t\t\t\t\t\t\t\t<img loading=\"lazy\" decoding=\"async\" width=\"100\" height=\"100\" src=\"https:\/\/bingeeks.websintec.com\/wp-content\/uploads\/2025\/12\/Ultimas-Tecnologias-100x100-1.png\" class=\"attachment-large size-large wp-image-93\" alt=\"\" \/>\t\t\t\t\t\t\t\t\t\t\t\t\t\t\t<\/div>\n\t\t\t\t<div class=\"elementor-element elementor-element-dc99e9c elementor-widget elementor-widget-heading\" data-id=\"dc99e9c\" data-element_type=\"widget\" data-widget_type=\"heading.default\">\n\t\t\t\t\t<h3 class=\"elementor-heading-title elementor-size-default\">\u00daltimas tecnolog\u00edas<\/h3>\t\t\t\t<\/div>\n\t\t\t\t<div class=\"elementor-element elementor-element-8e5e784 elementor-widget elementor-widget-text-editor\" data-id=\"8e5e784\" data-element_type=\"widget\" data-widget_type=\"text-editor.default\">\n\t\t\t\t\t\t\t\t\t<p>Trabajamos a la par de las \u00faltimas<br \/>tecnolog\u00edas en el mercado.<\/p>\t\t\t\t\t\t\t\t<\/div>\n\t\t\t\t<\/div>\n\t\t<div class=\"elementor-element elementor-element-b7f776b e-con-full e-flex e-con e-child\" data-id=\"b7f776b\" data-element_type=\"container\">\n\t\t<div class=\"elementor-element elementor-element-3b78a6b e-con-full e-flex e-con e-child\" data-id=\"3b78a6b\" data-element_type=\"container\">\n\t\t\t\t<div class=\"elementor-element elementor-element-394e6f9 elementor-invisible elementor-widget elementor-widget-image\" data-id=\"394e6f9\" data-element_type=\"widget\" data-settings=\"{&quot;_animation&quot;:&quot;fadeInUp&quot;}\" data-widget_type=\"image.default\">\n\t\t\t\t\t\t\t\t\t\t\t\t\t\t\t<img loading=\"lazy\" decoding=\"async\" width=\"100\" height=\"100\" src=\"https:\/\/bingeeks.websintec.com\/wp-content\/uploads\/2025\/12\/Ideas-Frescas-100x100-1.png\" class=\"attachment-large size-large wp-image-91\" alt=\"\" \/>\t\t\t\t\t\t\t\t\t\t\t\t\t\t\t<\/div>\n\t\t\t\t<div class=\"elementor-element elementor-element-83eaab8 elementor-widget elementor-widget-heading\" data-id=\"83eaab8\" data-element_type=\"widget\" data-widget_type=\"heading.default\">\n\t\t\t\t\t<h3 class=\"elementor-heading-title elementor-size-default\">Ideas frescas<\/h3>\t\t\t\t<\/div>\n\t\t\t\t<div class=\"elementor-element elementor-element-08824f8 elementor-widget elementor-widget-text-editor\" data-id=\"08824f8\" data-element_type=\"widget\" data-widget_type=\"text-editor.default\">\n\t\t\t\t\t\t\t\t\t<p>Somos un equipo de trabajo joven<br \/>con ideas innovadoras y frescas.<\/p>\t\t\t\t\t\t\t\t<\/div>\n\t\t\t\t<\/div>\n\t\t\t\t<\/div>\n\t\t<div class=\"elementor-element elementor-element-1ccde7f e-con-full e-flex e-con e-child\" data-id=\"1ccde7f\" data-element_type=\"container\">\n\t\t\t\t<div class=\"elementor-element elementor-element-79a9426 elementor-invisible elementor-widget elementor-widget-image\" data-id=\"79a9426\" data-element_type=\"widget\" data-settings=\"{&quot;_animation&quot;:&quot;fadeInRight&quot;}\" data-widget_type=\"image.default\">\n\t\t\t\t\t\t\t\t\t\t\t\t\t\t\t<img loading=\"lazy\" decoding=\"async\" width=\"100\" height=\"100\" src=\"https:\/\/bingeeks.websintec.com\/wp-content\/uploads\/2025\/12\/Soporte-Constante-100x100-1.png\" class=\"attachment-large size-large wp-image-92\" alt=\"\" \/>\t\t\t\t\t\t\t\t\t\t\t\t\t\t\t<\/div>\n\t\t\t\t<div class=\"elementor-element elementor-element-ef27a91 elementor-widget elementor-widget-heading\" data-id=\"ef27a91\" data-element_type=\"widget\" data-widget_type=\"heading.default\">\n\t\t\t\t\t<h3 class=\"elementor-heading-title elementor-size-default\">Soporte constante<\/h3>\t\t\t\t<\/div>\n\t\t\t\t<div class=\"elementor-element elementor-element-6cca0a0 elementor-widget elementor-widget-text-editor\" data-id=\"6cca0a0\" data-element_type=\"widget\" data-widget_type=\"text-editor.default\">\n\t\t\t\t\t\t\t\t\t<p>Siempre disponibles a brindar<br \/>soluci\u00f3n a sus inquietudes.<\/p>\t\t\t\t\t\t\t\t<\/div>\n\t\t\t\t<\/div>\n\t\t\t\t<\/div>\n\t\t\t\t\t<\/div>\n\t\t\t\t<\/div>\n\t\t\t\t<\/div>\n\t\t<div class=\"elementor-element elementor-element-6eb638b e-flex e-con-boxed e-con e-parent\" data-id=\"6eb638b\" data-element_type=\"container\">\n\t\t\t\t\t<div class=\"e-con-inner\">\n\t\t<div class=\"elementor-element elementor-element-c37b140 e-con-full e-flex e-con e-child\" data-id=\"c37b140\" data-element_type=\"container\">\n\t\t\t\t<div class=\"elementor-element elementor-element-0fc2f73 elementor-widget elementor-widget-heading\" data-id=\"0fc2f73\" data-element_type=\"widget\" data-widget_type=\"heading.default\">\n\t\t\t\t\t<h2 class=\"elementor-heading-title elementor-size-default\">\u00daLTIMOS PROYECTOS<\/h2>\t\t\t\t<\/div>\n\t\t\t\t<\/div>\n\t\t\t\t\t<\/div>\n\t\t\t\t<\/div>\n\t\t<div class=\"elementor-element elementor-element-7ad7643 e-flex e-con-boxed e-con e-parent\" data-id=\"7ad7643\" data-element_type=\"container\">\n\t\t\t\t\t<div class=\"e-con-inner\">\n\t\t\t\t<div class=\"elementor-element elementor-element-6a103ab elementor-grid-3 elementor-grid-tablet-2 elementor-grid-mobile-1 elementor-widget elementor-widget-loop-grid\" data-id=\"6a103ab\" data-element_type=\"widget\" data-settings=\"{&quot;template_id&quot;:459,&quot;columns&quot;:3,&quot;masonry&quot;:&quot;yes&quot;,&quot;alternate_template&quot;:&quot;yes&quot;,&quot;_skin&quot;:&quot;post&quot;,&quot;columns_tablet&quot;:&quot;2&quot;,&quot;columns_mobile&quot;:&quot;1&quot;,&quot;edit_handle_selector&quot;:&quot;[data-elementor-type=\\&quot;loop-item\\&quot;]&quot;,&quot;row_gap&quot;:{&quot;unit&quot;:&quot;px&quot;,&quot;size&quot;:&quot;&quot;,&quot;sizes&quot;:[]},&quot;row_gap_tablet&quot;:{&quot;unit&quot;:&quot;px&quot;,&quot;size&quot;:&quot;&quot;,&quot;sizes&quot;:[]},&quot;row_gap_mobile&quot;:{&quot;unit&quot;:&quot;px&quot;,&quot;size&quot;:&quot;&quot;,&quot;sizes&quot;:[]}}\" data-widget_type=\"loop-grid.post\">\n\t\t\t\t\t\t\t<div class=\"e-loop-nothing-found-message\">\n\t\t<\/div>\n\t\t\t\t\t\t<\/div>\n\t\t\t\t<div class=\"elementor-element elementor-element-6de2333 elementor-align-center elementor-widget elementor-widget-button\" data-id=\"6de2333\" data-element_type=\"widget\" data-widget_type=\"button.default\">\n\t\t\t\t\t\t\t\t\t\t<a class=\"elementor-button elementor-button-link elementor-size-sm\" href=\"#\">\n\t\t\t\t\t\t<span class=\"elementor-button-content-wrapper\">\n\t\t\t\t\t\t\t\t\t<span class=\"elementor-button-text\">PORTAFOLIO COMPLETO<\/span>\n\t\t\t\t\t<\/span>\n\t\t\t\t\t<\/a>\n\t\t\t\t\t\t\t\t<\/div>\n\t\t\t\t\t<\/div>\n\t\t\t\t<\/div>\n\t\t\t\t<\/div>\n\t\t","protected":false},"excerpt":{"rendered":"<p>Dise\u00f1amos tu Identidad Corporativa Ideas innovadoras Acompa\u00f1amiento constante Resultados increibles Desarrollamos tu P\u00e1gina Web Dise\u00f1os Responsivos Sitios Optimizados Desarrollamos con las \u00faltimas tecnolog\u00edas Dise\u00f1amos tu Identidad Corporativa Ideas innovadoras Acompa\u00f1amiento constante Resultados increibles NUESTROS SERVICIOS Desarrollo web Plataformas Desarrollo m\u00f3vil Dise\u00f1o Gr\u00e1fico COMPROMETIDOS CON NUESTROS CLIENTES \u00daltimas tecnolog\u00edas Trabajamos a la par de las \u00faltimastecnolog\u00edas [&hellip;]<\/p>\n","protected":false},"author":1,"featured_media":0,"parent":0,"menu_order":0,"comment_status":"closed","ping_status":"closed","template":"elementor_header_footer","meta":{"footnotes":""},"class_list":["post-17","page","type-page","status-publish","hentry"],"_links":{"self":[{"href":"https:\/\/bingeeks.websintec.com\/index.php\/wp-json\/wp\/v2\/pages\/17","targetHints":{"allow":["GET"]}}],"collection":[{"href":"https:\/\/bingeeks.websintec.com\/index.php\/wp-json\/wp\/v2\/pages"}],"about":[{"href":"https:\/\/bingeeks.websintec.com\/index.php\/wp-json\/wp\/v2\/types\/page"}],"author":[{"embeddable":true,"href":"https:\/\/bingeeks.websintec.com\/index.php\/wp-json\/wp\/v2\/users\/1"}],"replies":[{"embeddable":true,"href":"https:\/\/bingeeks.websintec.com\/index.php\/wp-json\/wp\/v2\/comments?post=17"}],"version-history":[{"count":383,"href":"https:\/\/bingeeks.websintec.com\/index.php\/wp-json\/wp\/v2\/pages\/17\/revisions"}],"predecessor-version":[{"id":1199,"href":"https:\/\/bingeeks.websintec.com\/index.php\/wp-json\/wp\/v2\/pages\/17\/revisions\/1199"}],"wp:attachment":[{"href":"https:\/\/bingeeks.websintec.com\/index.php\/wp-json\/wp\/v2\/media?parent=17"}],"curies":[{"name":"wp","href":"https:\/\/api.w.org\/{rel}","templated":true}]}}