{"id":19,"date":"2025-12-13T01:06:01","date_gmt":"2025-12-13T06:06:01","guid":{"rendered":"https:\/\/bingeeks.websintec.com\/?page_id=19"},"modified":"2025-12-23T01:45:27","modified_gmt":"2025-12-23T06:45:27","slug":"quienes-somos","status":"publish","type":"page","link":"https:\/\/bingeeks.websintec.com\/index.php\/quienes-somos\/","title":{"rendered":"Qui\u00e9nes Somos"},"content":{"rendered":"\t\t<div data-elementor-type=\"wp-page\" data-elementor-id=\"19\" class=\"elementor elementor-19\" data-elementor-post-type=\"page\">\n\t\t\t\t<div class=\"elementor-element elementor-element-60e4c44 e-con-full e-flex e-con e-parent\" data-id=\"60e4c44\" data-element_type=\"container\" data-settings=\"{&quot;background_background&quot;:&quot;classic&quot;}\">\n\t\t<div class=\"elementor-element elementor-element-44c56f3 e-flex e-con-boxed e-con e-child\" data-id=\"44c56f3\" data-element_type=\"container\">\n\t\t\t\t\t<div class=\"e-con-inner\">\n\t\t\t\t<div class=\"elementor-element elementor-element-07532e3 elementor-widget__width-initial elementor-widget elementor-widget-heading\" data-id=\"07532e3\" data-element_type=\"widget\" data-widget_type=\"heading.default\">\n\t\t\t\t\t<h2 class=\"elementor-heading-title elementor-size-default\">QUI\u00c9NES SOMOS<\/h2>\t\t\t\t<\/div>\n\t\t\t\t\t<\/div>\n\t\t\t\t<\/div>\n\t\t\t\t<\/div>\n\t\t<div class=\"elementor-element elementor-element-b3167c1 e-flex e-con-boxed e-con e-parent\" data-id=\"b3167c1\" data-element_type=\"container\">\n\t\t\t\t\t<div class=\"e-con-inner\">\n\t\t\t\t<div class=\"elementor-element elementor-element-d82e02c elementor-widget elementor-widget-text-editor\" data-id=\"d82e02c\" data-element_type=\"widget\" data-widget_type=\"text-editor.default\">\n\t\t\t\t\t\t\t\t\t<div>BinGeeks es un grupo de dise\u00f1adores y desarrolladores independientes amantes de la tecnolog\u00eda. Buscamos siempre los mejores resultados, por ello estamos en constante aprendizaje seg\u00fan las tendencias digitales.<\/div><div>\u00a0<\/div><div>Sabemos que las necesidades de nuestros clientes var\u00eda y eso hace que nos apasiona a\u00fan m\u00e1s lo que hacemos, cada proyecto es una nueva oportunidad de poner a prueba nuestra creatividad y obtener resultados que sobrepasen las expectativas de nuestros clientes.<\/div>\t\t\t\t\t\t\t\t<\/div>\n\t\t\t\t\t<\/div>\n\t\t\t\t<\/div>\n\t\t<div class=\"elementor-element elementor-element-a6b6764 e-flex e-con-boxed e-con e-parent\" data-id=\"a6b6764\" data-element_type=\"container\">\n\t\t\t\t\t<div class=\"e-con-inner\">\n\t\t<div class=\"elementor-element elementor-element-881e9cf e-con-full e-flex e-con e-child\" data-id=\"881e9cf\" data-element_type=\"container\">\n\t\t\t\t<div class=\"elementor-element elementor-element-7024cb8 elementor-widget elementor-widget-image\" data-id=\"7024cb8\" data-element_type=\"widget\" data-widget_type=\"image.default\">\n\t\t\t\t\t\t\t\t\t\t\t\t\t\t\t<img fetchpriority=\"high\" decoding=\"async\" width=\"512\" height=\"512\" src=\"https:\/\/bingeeks.websintec.com\/wp-content\/uploads\/2025\/12\/masculino.png\" class=\"attachment-large size-large wp-image-143\" alt=\"\" srcset=\"https:\/\/bingeeks.websintec.com\/wp-content\/uploads\/2025\/12\/masculino.png 512w, https:\/\/bingeeks.websintec.com\/wp-content\/uploads\/2025\/12\/masculino-300x300.png 300w, https:\/\/bingeeks.websintec.com\/wp-content\/uploads\/2025\/12\/masculino-150x150.png 150w\" sizes=\"(max-width: 512px) 100vw, 512px\" \/>\t\t\t\t\t\t\t\t\t\t\t\t\t\t\t<\/div>\n\t\t\t\t<\/div>\n\t\t<div class=\"elementor-element elementor-element-b0ca5f9 e-con-full e-flex e-con e-child\" data-id=\"b0ca5f9\" data-element_type=\"container\">\n\t\t\t\t<div class=\"elementor-element elementor-element-a41b555 elementor-widget elementor-widget-heading\" data-id=\"a41b555\" data-element_type=\"widget\" data-widget_type=\"heading.default\">\n\t\t\t\t\t<h3 class=\"elementor-heading-title elementor-size-default\">JAIME VELASCO<br>\n<span class=\"destacado\">CEO - DESARROLLADOR<\/span><\/h3>\t\t\t\t<\/div>\n\t\t\t\t<div class=\"elementor-element elementor-element-77e9f80 elementor-widget elementor-widget-text-editor\" data-id=\"77e9f80\" data-element_type=\"widget\" data-widget_type=\"text-editor.default\">\n\t\t\t\t\t\t\t\t\t<p>Desarrollador con m\u00e1s de 15 a\u00f1os de experiencia. Electr\u00f3nico de profesi\u00f3n, enfocado en desarrollo web Back-End y Front-End a trav\u00e9s de tecnolog\u00edas HTML, PHP, CSS, JavaScript y m\u00f3vil h\u00edbrido con IONIC.<\/p>\t\t\t\t\t\t\t\t<\/div>\n\t\t<div class=\"elementor-element elementor-element-91825ca e-con-full e-flex e-con e-child\" data-id=\"91825ca\" data-element_type=\"container\">\n\t\t<div class=\"elementor-element elementor-element-ec32555 e-con-full e-flex e-con e-child\" data-id=\"ec32555\" data-element_type=\"container\">\n\t\t\t\t<div class=\"elementor-element elementor-element-4e95d54 elementor-widget elementor-widget-image\" data-id=\"4e95d54\" data-element_type=\"widget\" data-widget_type=\"image.default\">\n\t\t\t\t\t\t\t\t\t\t\t\t\t\t\t<img decoding=\"async\" width=\"400\" height=\"402\" src=\"https:\/\/bingeeks.websintec.com\/wp-content\/uploads\/2025\/12\/Programacion.png\" class=\"attachment-large size-large wp-image-133\" alt=\"\" srcset=\"https:\/\/bingeeks.websintec.com\/wp-content\/uploads\/2025\/12\/Programacion.png 400w, https:\/\/bingeeks.websintec.com\/wp-content\/uploads\/2025\/12\/Programacion-150x150.png 150w\" sizes=\"(max-width: 400px) 100vw, 400px\" \/>\t\t\t\t\t\t\t\t\t\t\t\t\t\t\t<\/div>\n\t\t\t\t<div class=\"elementor-element elementor-element-b47e2e5 elementor-widget elementor-widget-text-editor\" data-id=\"b47e2e5\" data-element_type=\"widget\" data-widget_type=\"text-editor.default\">\n\t\t\t\t\t\t\t\t\t<p>Lenguajes de Programaci\u00f3n<\/p>\t\t\t\t\t\t\t\t<\/div>\n\t\t\t\t<\/div>\n\t\t<div class=\"elementor-element elementor-element-47903e3 e-con-full e-flex e-con e-child\" data-id=\"47903e3\" data-element_type=\"container\">\n\t\t\t\t<div class=\"elementor-element elementor-element-0b0d2f4 elementor-widget elementor-widget-image\" data-id=\"0b0d2f4\" data-element_type=\"widget\" data-widget_type=\"image.default\">\n\t\t\t\t\t\t\t\t\t\t\t\t\t\t\t<img decoding=\"async\" width=\"400\" height=\"400\" src=\"https:\/\/bingeeks.websintec.com\/wp-content\/uploads\/2025\/12\/Tiendas.png\" class=\"attachment-large size-large wp-image-134\" alt=\"\" srcset=\"https:\/\/bingeeks.websintec.com\/wp-content\/uploads\/2025\/12\/Tiendas.png 400w, https:\/\/bingeeks.websintec.com\/wp-content\/uploads\/2025\/12\/Tiendas-300x300.png 300w, https:\/\/bingeeks.websintec.com\/wp-content\/uploads\/2025\/12\/Tiendas-150x150.png 150w\" sizes=\"(max-width: 400px) 100vw, 400px\" \/>\t\t\t\t\t\t\t\t\t\t\t\t\t\t\t<\/div>\n\t\t\t\t<div class=\"elementor-element elementor-element-fdb43bc elementor-widget elementor-widget-text-editor\" data-id=\"fdb43bc\" data-element_type=\"widget\" data-widget_type=\"text-editor.default\">\n\t\t\t\t\t\t\t\t\t<p>Pasarelas de <br \/>Pago<\/p>\t\t\t\t\t\t\t\t<\/div>\n\t\t\t\t<\/div>\n\t\t<div class=\"elementor-element elementor-element-3e95457 e-con-full e-flex e-con e-child\" data-id=\"3e95457\" data-element_type=\"container\">\n\t\t\t\t<div class=\"elementor-element elementor-element-04a0062 elementor-widget elementor-widget-image\" data-id=\"04a0062\" data-element_type=\"widget\" data-widget_type=\"image.default\">\n\t\t\t\t\t\t\t\t\t\t\t\t\t\t\t<img loading=\"lazy\" decoding=\"async\" width=\"400\" height=\"400\" src=\"https:\/\/bingeeks.websintec.com\/wp-content\/uploads\/2025\/12\/desarrollo-movil2.png\" class=\"attachment-large size-large wp-image-128\" alt=\"\" srcset=\"https:\/\/bingeeks.websintec.com\/wp-content\/uploads\/2025\/12\/desarrollo-movil2.png 400w, https:\/\/bingeeks.websintec.com\/wp-content\/uploads\/2025\/12\/desarrollo-movil2-300x300.png 300w, https:\/\/bingeeks.websintec.com\/wp-content\/uploads\/2025\/12\/desarrollo-movil2-150x150.png 150w\" sizes=\"(max-width: 400px) 100vw, 400px\" \/>\t\t\t\t\t\t\t\t\t\t\t\t\t\t\t<\/div>\n\t\t\t\t<div class=\"elementor-element elementor-element-0cf32df elementor-widget elementor-widget-text-editor\" data-id=\"0cf32df\" data-element_type=\"widget\" data-widget_type=\"text-editor.default\">\n\t\t\t\t\t\t\t\t\t<p>Desarrollo<br \/>M\u00f3vil<\/p>\t\t\t\t\t\t\t\t<\/div>\n\t\t\t\t<\/div>\n\t\t<div class=\"elementor-element elementor-element-8661c03 e-con-full e-flex e-con e-child\" data-id=\"8661c03\" data-element_type=\"container\">\n\t\t\t\t<div class=\"elementor-element elementor-element-5aad118 elementor-widget elementor-widget-image\" data-id=\"5aad118\" data-element_type=\"widget\" data-widget_type=\"image.default\">\n\t\t\t\t\t\t\t\t\t\t\t\t\t\t\t<img loading=\"lazy\" decoding=\"async\" width=\"400\" height=\"400\" src=\"https:\/\/bingeeks.websintec.com\/wp-content\/uploads\/2025\/12\/desarrollo-web2-339.png\" class=\"attachment-large size-large wp-image-404\" alt=\"\" srcset=\"https:\/\/bingeeks.websintec.com\/wp-content\/uploads\/2025\/12\/desarrollo-web2-339.png 400w, https:\/\/bingeeks.websintec.com\/wp-content\/uploads\/2025\/12\/desarrollo-web2-339-300x300.png 300w, https:\/\/bingeeks.websintec.com\/wp-content\/uploads\/2025\/12\/desarrollo-web2-339-150x150.png 150w\" sizes=\"(max-width: 400px) 100vw, 400px\" \/>\t\t\t\t\t\t\t\t\t\t\t\t\t\t\t<\/div>\n\t\t\t\t<div class=\"elementor-element elementor-element-1af1d14 elementor-widget elementor-widget-text-editor\" data-id=\"1af1d14\" data-element_type=\"widget\" data-widget_type=\"text-editor.default\">\n\t\t\t\t\t\t\t\t\t<p>Desarrollo<br \/>Web<\/p>\t\t\t\t\t\t\t\t<\/div>\n\t\t\t\t<\/div>\n\t\t\t\t<\/div>\n\t\t\t\t<\/div>\n\t\t<div class=\"elementor-element elementor-element-1800bbd e-con-full e-flex e-con e-child\" data-id=\"1800bbd\" data-element_type=\"container\">\n\t\t\t\t<div class=\"elementor-element elementor-element-f74690a elementor-widget-mobile__width-initial elementor-widget elementor-widget-html\" data-id=\"f74690a\" data-element_type=\"widget\" data-widget_type=\"html.default\">\n\t\t\t\t\t\r\n\r\n    <div class=\"skill\">\r\n        <div class=\"skill-title\">\r\n            <span>JavaScript<\/span>\r\n            <span>90%<\/span>\r\n        <\/div>\r\n        <div class=\"progress-line\">\r\n            <div class=\"progress-fill\" data-progress=\"90\"><\/div>\r\n            <div class=\"progress-dot\" data-progress=\"90\"><\/div>\r\n        <\/div>\r\n    <\/div>\r\n\r\n    <div class=\"skill\">\r\n        <div class=\"skill-title\">\r\n            <span>CSS<\/span>\r\n            <span>90%<\/span>\r\n        <\/div>\r\n        <div class=\"progress-line\">\r\n            <div class=\"progress-fill\" data-progress=\"90\"><\/div>\r\n            <div class=\"progress-dot\" data-progress=\"90\"><\/div>\r\n        <\/div>\r\n    <\/div>\r\n\r\n    <div class=\"skill\">\r\n        <div class=\"skill-title\">\r\n            <span>PHP<\/span>\r\n            <span>95%<\/span>\r\n        <\/div>\r\n        <div class=\"progress-line\">\r\n            <div class=\"progress-fill\" data-progress=\"95\"><\/div>\r\n            <div class=\"progress-dot\" data-progress=\"95\"><\/div>\r\n        <\/div>\r\n    <\/div>\r\n\r\n    <div class=\"skill\">\r\n        <div class=\"skill-title\">\r\n            <span>WordPress<\/span>\r\n            <span>100%<\/span>\r\n        <\/div>\r\n        <div class=\"progress-line\">\r\n            <div class=\"progress-fill\" data-progress=\"100\"><\/div>\r\n            <div class=\"progress-dot\" data-progress=\"100\"><\/div>\r\n        <\/div>\r\n    <\/div>\r\n\r\n    <div class=\"skill\">\r\n        <div class=\"skill-title\">\r\n            <span>Ionic<\/span>\r\n            <span>80%<\/span>\r\n        <\/div>\r\n        <div class=\"progress-line\">\r\n            <div class=\"progress-fill\" data-progress=\"80\"><\/div>\r\n            <div class=\"progress-dot\" data-progress=\"80\"><\/div>\r\n        <\/div>\r\n    <\/div>\r\n\r\n    <script>\r\n        document.addEventListener(\"DOMContentLoaded\", () => {\r\n            document.querySelectorAll(\".progress-line\").forEach(line => {\r\n                const fill = line.querySelector(\".progress-fill\");\r\n                const dot = line.querySelector(\".progress-dot\");\r\n                const value = fill.getAttribute(\"data-progress\");\r\n\r\n                setTimeout(() => {\r\n                    fill.style.width = value + \"%\";\r\n                    dot.style.left = value + \"%\";\r\n                }, 300);\r\n            });\r\n        });\r\n    <\/script>\r\n\t\t\t\t<\/div>\n\t\t\t\t<\/div>\n\t\t\t\t\t<\/div>\n\t\t\t\t<\/div>\n\t\t\t\t<\/div>\n\t\t","protected":false},"excerpt":{"rendered":"<p>QUI\u00c9NES SOMOS BinGeeks es un grupo de dise\u00f1adores y desarrolladores independientes amantes de la tecnolog\u00eda. Buscamos siempre los mejores resultados, por ello estamos en constante aprendizaje seg\u00fan las tendencias digitales.\u00a0Sabemos que las necesidades de nuestros clientes var\u00eda y eso hace que nos apasiona a\u00fan m\u00e1s lo que hacemos, cada proyecto es una nueva oportunidad de [&hellip;]<\/p>\n","protected":false},"author":1,"featured_media":0,"parent":0,"menu_order":0,"comment_status":"closed","ping_status":"closed","template":"elementor_header_footer","meta":{"footnotes":""},"class_list":["post-19","page","type-page","status-publish","hentry"],"_links":{"self":[{"href":"https:\/\/bingeeks.websintec.com\/index.php\/wp-json\/wp\/v2\/pages\/19","targetHints":{"allow":["GET"]}}],"collection":[{"href":"https:\/\/bingeeks.websintec.com\/index.php\/wp-json\/wp\/v2\/pages"}],"about":[{"href":"https:\/\/bingeeks.websintec.com\/index.php\/wp-json\/wp\/v2\/types\/page"}],"author":[{"embeddable":true,"href":"https:\/\/bingeeks.websintec.com\/index.php\/wp-json\/wp\/v2\/users\/1"}],"replies":[{"embeddable":true,"href":"https:\/\/bingeeks.websintec.com\/index.php\/wp-json\/wp\/v2\/comments?post=19"}],"version-history":[{"count":290,"href":"https:\/\/bingeeks.websintec.com\/index.php\/wp-json\/wp\/v2\/pages\/19\/revisions"}],"predecessor-version":[{"id":1203,"href":"https:\/\/bingeeks.websintec.com\/index.php\/wp-json\/wp\/v2\/pages\/19\/revisions\/1203"}],"wp:attachment":[{"href":"https:\/\/bingeeks.websintec.com\/index.php\/wp-json\/wp\/v2\/media?parent=19"}],"curies":[{"name":"wp","href":"https:\/\/api.w.org\/{rel}","templated":true}]}}