{"id":694,"date":"2025-12-19T16:14:31","date_gmt":"2025-12-19T21:14:31","guid":{"rendered":"https:\/\/bingeeks.websintec.com\/?page_id=694"},"modified":"2025-12-30T02:15:38","modified_gmt":"2025-12-30T07:15:38","slug":"cibercomp","status":"publish","type":"page","link":"https:\/\/bingeeks.websintec.com\/index.php\/cibercomp\/","title":{"rendered":"Cibercomp"},"content":{"rendered":"\t\t<div data-elementor-type=\"wp-page\" data-elementor-id=\"694\" class=\"elementor elementor-694\" data-elementor-post-type=\"page\">\n\t\t\t\t<div class=\"elementor-element elementor-element-4fdfc5b e-flex e-con-boxed e-con e-parent\" data-id=\"4fdfc5b\" data-element_type=\"container\" data-settings=\"{&quot;background_background&quot;:&quot;classic&quot;}\">\n\t\t\t\t\t<div class=\"e-con-inner\">\n\t\t\t\t<div class=\"elementor-element elementor-element-824aa9e elementor-widget__width-initial elementor-widget elementor-widget-heading\" data-id=\"824aa9e\" data-element_type=\"widget\" data-widget_type=\"heading.default\">\n\t\t\t\t\t<h2 class=\"elementor-heading-title elementor-size-default\">CIBERCOMP<\/h2>\t\t\t\t<\/div>\n\t\t\t\t\t<\/div>\n\t\t\t\t<\/div>\n\t\t<div class=\"elementor-element elementor-element-8c4c3ea e-flex e-con-boxed e-con e-parent\" data-id=\"8c4c3ea\" data-element_type=\"container\">\n\t\t\t\t\t<div class=\"e-con-inner\">\n\t\t<div class=\"elementor-element elementor-element-1340f63 e-con-full e-flex e-con e-child\" data-id=\"1340f63\" data-element_type=\"container\">\n\t\t\t\t<div class=\"elementor-element elementor-element-2b72f47 elementor-widget__width-initial elementor-widget-mobile__width-initial elementor-widget elementor-widget-image\" data-id=\"2b72f47\" data-element_type=\"widget\" data-widget_type=\"image.default\">\n\t\t\t\t\t\t\t\t\t\t\t\t\t\t\t<img fetchpriority=\"high\" decoding=\"async\" width=\"800\" height=\"700\" src=\"https:\/\/bingeeks.websintec.com\/wp-content\/uploads\/2025\/12\/portada1.jpg\" class=\"attachment-large size-large wp-image-1281\" alt=\"\" srcset=\"https:\/\/bingeeks.websintec.com\/wp-content\/uploads\/2025\/12\/portada1.jpg 800w, https:\/\/bingeeks.websintec.com\/wp-content\/uploads\/2025\/12\/portada1-300x263.jpg 300w, https:\/\/bingeeks.websintec.com\/wp-content\/uploads\/2025\/12\/portada1-768x672.jpg 768w\" sizes=\"(max-width: 800px) 100vw, 800px\" \/>\t\t\t\t\t\t\t\t\t\t\t\t\t\t\t<\/div>\n\t\t<div class=\"elementor-element elementor-element-9414dac e-con-full e-flex e-con e-child\" data-id=\"9414dac\" data-element_type=\"container\">\n\t\t\t\t<div class=\"elementor-element elementor-element-016c333 elementor-widget elementor-widget-heading\" data-id=\"016c333\" data-element_type=\"widget\" data-widget_type=\"heading.default\">\n\t\t\t\t\t<h4 class=\"elementor-heading-title elementor-size-default\">P\u00e1gina web basada en CMS WordPress<\/h4>\t\t\t\t<\/div>\n\t\t<div class=\"elementor-element elementor-element-2d8e314 e-con-full e-flex e-con e-child\" data-id=\"2d8e314\" data-element_type=\"container\">\n\t\t<div class=\"elementor-element elementor-element-6206213 e-con-full e-flex e-con e-child\" data-id=\"6206213\" data-element_type=\"container\">\n\t\t\t\t<div class=\"elementor-element elementor-element-52ee8b6 elementor-widget elementor-widget-image\" data-id=\"52ee8b6\" data-element_type=\"widget\" data-widget_type=\"image.default\">\n\t\t\t\t\t\t\t\t\t\t\t\t\t\t\t<img decoding=\"async\" width=\"400\" height=\"400\" src=\"https:\/\/bingeeks.websintec.com\/wp-content\/uploads\/2025\/12\/Diseno-Grafico2.png\" class=\"attachment-large size-large wp-image-131\" alt=\"\" srcset=\"https:\/\/bingeeks.websintec.com\/wp-content\/uploads\/2025\/12\/Diseno-Grafico2.png 400w, https:\/\/bingeeks.websintec.com\/wp-content\/uploads\/2025\/12\/Diseno-Grafico2-300x300.png 300w, https:\/\/bingeeks.websintec.com\/wp-content\/uploads\/2025\/12\/Diseno-Grafico2-150x150.png 150w\" sizes=\"(max-width: 400px) 100vw, 400px\" \/>\t\t\t\t\t\t\t\t\t\t\t\t\t\t\t<\/div>\n\t\t\t\t<div class=\"elementor-element elementor-element-f066b39 elementor-widget elementor-widget-text-editor\" data-id=\"f066b39\" data-element_type=\"widget\" data-widget_type=\"text-editor.default\">\n\t\t\t\t\t\t\t\t\t<p>Desarrollo<br \/>Gr\u00e1fico<\/p>\t\t\t\t\t\t\t\t<\/div>\n\t\t\t\t<\/div>\n\t\t<div class=\"elementor-element elementor-element-362bf54 e-con-full e-flex e-con e-child\" data-id=\"362bf54\" data-element_type=\"container\">\n\t\t\t\t<div class=\"elementor-element elementor-element-4505132 elementor-widget elementor-widget-image\" data-id=\"4505132\" data-element_type=\"widget\" data-widget_type=\"image.default\">\n\t\t\t\t\t\t\t\t\t\t\t\t\t\t\t<img decoding=\"async\" width=\"400\" height=\"400\" src=\"https:\/\/bingeeks.websintec.com\/wp-content\/uploads\/2025\/12\/desarrollo-de-marca.png\" class=\"attachment-large size-large wp-image-127\" alt=\"\" srcset=\"https:\/\/bingeeks.websintec.com\/wp-content\/uploads\/2025\/12\/desarrollo-de-marca.png 400w, https:\/\/bingeeks.websintec.com\/wp-content\/uploads\/2025\/12\/desarrollo-de-marca-300x300.png 300w, https:\/\/bingeeks.websintec.com\/wp-content\/uploads\/2025\/12\/desarrollo-de-marca-150x150.png 150w\" sizes=\"(max-width: 400px) 100vw, 400px\" \/>\t\t\t\t\t\t\t\t\t\t\t\t\t\t\t<\/div>\n\t\t\t\t<div class=\"elementor-element elementor-element-b2f3a78 elementor-widget elementor-widget-text-editor\" data-id=\"b2f3a78\" data-element_type=\"widget\" data-widget_type=\"text-editor.default\">\n\t\t\t\t\t\t\t\t\t<p>Desarrollo<br \/>de Marca<\/p>\t\t\t\t\t\t\t\t<\/div>\n\t\t\t\t<\/div>\n\t\t\t\t<\/div>\n\t\t\t\t<div class=\"elementor-element elementor-element-bb4c458 elementor-widget elementor-widget-html\" data-id=\"bb4c458\" data-element_type=\"widget\" data-widget_type=\"html.default\">\n\t\t\t\t\t<style>\r\n\/* Contenedor *\/\r\n.share-container {\r\n    position: relative;\r\n    display: inline-block;\r\n}\r\n\r\n\/* Bot\u00f3n principal *\/\r\n.share-btn {\r\n    display: flex;\r\n    align-items: center;\r\n    gap: 8px;\r\n    padding: 14px 22px;\r\n    background: #f2f2f2;\r\n    border: none;\r\n    border-radius: 25px;\r\n    cursor: pointer;\r\n    font-weight: 600;\r\n    color: #8d8d8d;\r\n    transition: background 0.2s;\r\n}\r\n\r\n.share-btn:hover {\r\n    background: #e6e6e6;\r\n}\r\n\r\n.share-btn svg {\r\n    width: 18px;\r\n    height: 18px;\r\n    fill: #8d8d8d;\r\n}\r\n\r\n\/* Submen\u00fa a la derecha *\/\r\n.share-menu {\r\n    position: absolute;\r\n    top: 50%;\r\n    left: 105%;\r\n    transform: translateY(-50%);\r\n    background: #f3f3f3;\r\n    border-radius: 25px;\r\n    padding: 8px 16px;\r\n    display: none;\r\n    align-items: center;\r\n    gap: 18px;\r\n    box-shadow: 0 4px 10px rgba(0,0,0,0.15);\r\n    white-space: nowrap;\r\n}\r\n\r\n.share-menu.show {\r\n    display: flex;\r\n}\r\n\r\n\/* Iconos *\/\r\n.share-menu a {\r\n    display: flex;\r\n    align-items: center;\r\n    justify-content: center;\r\n}\r\n\r\n.share-menu svg {\r\n    width: 18px;\r\n    height: 18px;\r\n    fill: #888;\r\n    transition: transform 0.2s, fill 0.2s;\r\n}\r\n\r\n.share-menu a:hover svg {\r\n    fill: #000;\r\n    transform: scale(1.2);\r\n}\r\n<\/style>\r\n<\/head>\r\n\r\n<body>\r\n\r\n<div class=\"share-container\">\r\n    <button class=\"share-btn\" id=\"shareBtn\">\r\n        <svg viewBox=\"0 0 24 24\">\r\n            <path d=\"M18 16.08c-.76 0-1.44.3-1.96.77L8.91 12.7c.05-.23.09-.46.09-.7s-.04-.47-.09-.7l7.05-4.11c.54.5 1.25.81 2.04.81 1.66 0 3-1.34 3-3s-1.34-3-3-3-3 1.34-3 3c0 .24.04.47.09.7L8.04 9.81C7.5 9.31 6.79 9 6 9c-1.66 0-3 1.34-3 3s1.34 3 3 3c.79 0 1.5-.31 2.04-.81l7.12 4.16c-.05.21-.08.43-.08.65 0 1.61 1.31 2.92 2.92 2.92s2.92-1.31 2.92-2.92S19.61 16.08 18 16.08z\"\/>\r\n        <\/svg>\r\n        SHARE\r\n    <\/button>\r\n\r\n    <div class=\"share-menu\" id=\"shareMenu\">\r\n\r\n        <a href=\"#\" title=\"Facebook\">\r\n            <svg viewBox=\"0 0 24 24\">\r\n                <path d=\"M22 12a10 10 0 1 0-11.5 9.9v-7h-2v-3h2v-2.3c0-2 1.2-3.1 3-3.1.9 0 1.8.1 1.8.1v2h-1c-1 0-1.3.6-1.3 1.2V12h2.3l-.4 3h-1.9v7A10 10 0 0 0 22 12z\"\/>\r\n            <\/svg>\r\n        <\/a>\r\n\r\n        <a href=\"#\" title=\"X\">\r\n            <svg viewBox=\"0 0 24 24\">\r\n                <path d=\"M18.2 2H21l-6.6 7.5L22 22h-6.2l-4.9-6.4L5.3 22H2.5l7-8L2 2h6.3l4.4 5.8L18.2 2z\"\/>\r\n            <\/svg>\r\n        <\/a>\r\n\r\n        <a href=\"#\" title=\"Google\">\r\n            <svg viewBox=\"0 0 24 24\">\r\n                <path d=\"M21.8 10.1H12v3.8h5.6c-.8 2.3-2.9 3.8-5.6 3.8a6 6 0 1 1 0-12c1.4 0 2.6.5 3.6 1.3l2.7-2.7A9.8 9.8 0 0 0 12 2a10 10 0 1 0 0 20c5.1 0 9.6-3.7 9.6-10 0-.6-.1-1.2-.2-1.9z\"\/>\r\n            <\/svg>\r\n        <\/a>\r\n\r\n        <a href=\"#\" title=\"Correo\">\r\n            <svg viewBox=\"0 0 24 24\">\r\n                <path d=\"M20 4H4c-1.1 0-2 .9-2 2v12c0 1.1.9 2 2 2h16c1.1 0 2-.9 2-2V6c0-1.1-.9-2-2-2zm0 4-8 5-8-5V6l8 5 8-5v2z\"\/>\r\n            <\/svg>\r\n        <\/a>\r\n\r\n        <a href=\"#\" title=\"Pinterest\">\r\n            <svg viewBox=\"0 0 24 24\">\r\n                <path d=\"M12 2a10 10 0 0 0-3.7 19.3c-.1-.8-.2-2 0-2.9l1.4-5.9s-.4-.8-.4-2c0-1.9 1.1-3.3 2.4-3.3 1.1 0 1.7.8 1.7 1.9 0 1.1-.7 2.8-1.1 4.3-.3 1.3.7 2.4 2 2.4 2.4 0 4.2-2.5 4.2-6.1 0-3.2-2.3-5.4-5.6-5.4-3.8 0-6.1 2.9-6.1 5.9 0 1.1.4 2.3 1 3-.1.3-.3 1-.3 1.2 0 .4-.1.5-.4.3-1.5-.7-2.4-2.8-2.4-4.5 0-3.7 2.7-7.1 7.7-7.1 4.1 0 7.2 2.9 7.2 6.8 0 4-2.5 7.3-6.1 7.3-1.2 0-2.3-.6-2.7-1.4l-.7 2.7c-.3 1-1 2.2-1.5 3A10 10 0 1 0 12 2z\"\/>\r\n            <\/svg>\r\n        <\/a>\r\n\r\n    <\/div>\r\n<\/div>\r\n\r\n<script>\r\nconst shareBtn = document.getElementById(\"shareBtn\");\r\nconst shareMenu = document.getElementById(\"shareMenu\");\r\n\r\nshareBtn.addEventListener(\"click\", () => {\r\n    shareMenu.classList.toggle(\"show\");\r\n});\r\n\r\ndocument.addEventListener(\"click\", (e) => {\r\n    if (!e.target.closest(\".share-container\")) {\r\n        shareMenu.classList.remove(\"show\");\r\n    }\r\n});\r\n<\/script>\r\n\r\n<\/body>\r\n<\/html>\r\n\t\t\t\t<\/div>\n\t\t<div class=\"elementor-element elementor-element-013e6d6 e-con-full e-flex e-con e-child\" data-id=\"013e6d6\" data-element_type=\"container\">\n\t\t\t\t<div class=\"elementor-element elementor-element-461add3 elementor-icon-list--layout-traditional elementor-list-item-link-full_width elementor-widget elementor-widget-icon-list\" data-id=\"461add3\" data-element_type=\"widget\" data-widget_type=\"icon-list.default\">\n\t\t\t\t\t\t\t<ul class=\"elementor-icon-list-items\">\n\t\t\t\t\t\t\t<li class=\"elementor-icon-list-item\">\n\t\t\t\t\t\t\t\t\t\t\t<span class=\"elementor-icon-list-icon\">\n\t\t\t\t\t\t\t<svg aria-hidden=\"true\" class=\"e-font-icon-svg e-far-hand-point-right\" viewBox=\"0 0 512 512\" xmlns=\"http:\/\/www.w3.org\/2000\/svg\"><path d=\"M428.8 137.6h-86.177a115.52 115.52 0 0 0 2.176-22.4c0-47.914-35.072-83.2-92-83.2-45.314 0-57.002 48.537-75.707 78.784-7.735 12.413-16.994 23.317-25.851 33.253l-.131.146-.129.148C135.662 161.807 127.764 168 120.8 168h-2.679c-5.747-4.952-13.536-8-22.12-8H32c-17.673 0-32 12.894-32 28.8v230.4C0 435.106 14.327 448 32 448h64c8.584 0 16.373-3.048 22.12-8h2.679c28.688 0 67.137 40 127.2 40h21.299c62.542 0 98.8-38.658 99.94-91.145 12.482-17.813 18.491-40.785 15.985-62.791A93.148 93.148 0 0 0 393.152 304H428.8c45.435 0 83.2-37.584 83.2-83.2 0-45.099-38.101-83.2-83.2-83.2zm0 118.4h-91.026c12.837 14.669 14.415 42.825-4.95 61.05 11.227 19.646 1.687 45.624-12.925 53.625 6.524 39.128-10.076 61.325-50.6 61.325H248c-45.491 0-77.21-35.913-120-39.676V215.571c25.239-2.964 42.966-21.222 59.075-39.596 11.275-12.65 21.725-25.3 30.799-39.875C232.355 112.712 244.006 80 252.8 80c23.375 0 44 8.8 44 35.2 0 35.2-26.4 53.075-26.4 70.4h158.4c18.425 0 35.2 16.5 35.2 35.2 0 18.975-16.225 35.2-35.2 35.2zM88 384c0 13.255-10.745 24-24 24s-24-10.745-24-24 10.745-24 24-24 24 10.745 24 24z\"><\/path><\/svg>\t\t\t\t\t\t<\/span>\n\t\t\t\t\t\t\t\t\t\t<span class=\"elementor-icon-list-text\">Desarrollado por<\/span>\n\t\t\t\t\t\t\t\t\t<\/li>\n\t\t\t\t\t\t<\/ul>\n\t\t\t\t\t\t<\/div>\n\t\t\t\t<div class=\"elementor-element elementor-element-ea4f3a6 elementor-widget elementor-widget-text-editor\" data-id=\"ea4f3a6\" data-element_type=\"widget\" data-widget_type=\"text-editor.default\">\n\t\t\t\t\t\t\t\t\t<p>BinGeeks<\/p>\t\t\t\t\t\t\t\t<\/div>\n\t\t\t\t<div class=\"elementor-element elementor-element-e795be9 elementor-widget-divider--view-line elementor-widget elementor-widget-divider\" data-id=\"e795be9\" data-element_type=\"widget\" data-widget_type=\"divider.default\">\n\t\t\t\t\t\t\t<div class=\"elementor-divider\">\n\t\t\t<span class=\"elementor-divider-separator\">\n\t\t\t\t\t\t<\/span>\n\t\t<\/div>\n\t\t\t\t\t\t<\/div>\n\t\t\t\t<\/div>\n\t\t<div class=\"elementor-element elementor-element-7f80c1e e-con-full e-flex e-con e-child\" data-id=\"7f80c1e\" data-element_type=\"container\">\n\t\t\t\t<div class=\"elementor-element elementor-element-6ef5178 elementor-icon-list--layout-traditional elementor-list-item-link-full_width elementor-widget elementor-widget-icon-list\" data-id=\"6ef5178\" data-element_type=\"widget\" data-widget_type=\"icon-list.default\">\n\t\t\t\t\t\t\t<ul class=\"elementor-icon-list-items\">\n\t\t\t\t\t\t\t<li class=\"elementor-icon-list-item\">\n\t\t\t\t\t\t\t\t\t\t\t<span class=\"elementor-icon-list-icon\">\n\t\t\t\t\t\t\t<svg aria-hidden=\"true\" class=\"e-font-icon-svg e-fas-suitcase\" viewBox=\"0 0 512 512\" xmlns=\"http:\/\/www.w3.org\/2000\/svg\"><path d=\"M128 480h256V80c0-26.5-21.5-48-48-48H176c-26.5 0-48 21.5-48 48v400zm64-384h128v32H192V96zm320 80v256c0 26.5-21.5 48-48 48h-48V128h48c26.5 0 48 21.5 48 48zM96 480H48c-26.5 0-48-21.5-48-48V176c0-26.5 21.5-48 48-48h48v352z\"><\/path><\/svg>\t\t\t\t\t\t<\/span>\n\t\t\t\t\t\t\t\t\t\t<span class=\"elementor-icon-list-text\">Cliente<\/span>\n\t\t\t\t\t\t\t\t\t<\/li>\n\t\t\t\t\t\t<\/ul>\n\t\t\t\t\t\t<\/div>\n\t\t\t\t<div class=\"elementor-element elementor-element-42f470a elementor-widget elementor-widget-text-editor\" data-id=\"42f470a\" data-element_type=\"widget\" data-widget_type=\"text-editor.default\">\n\t\t\t\t\t\t\t\t\t<p>Cibercomp<\/p>\t\t\t\t\t\t\t\t<\/div>\n\t\t\t\t<div class=\"elementor-element elementor-element-cd84efc elementor-widget-divider--view-line elementor-widget elementor-widget-divider\" data-id=\"cd84efc\" data-element_type=\"widget\" data-widget_type=\"divider.default\">\n\t\t\t\t\t\t\t<div class=\"elementor-divider\">\n\t\t\t<span class=\"elementor-divider-separator\">\n\t\t\t\t\t\t<\/span>\n\t\t<\/div>\n\t\t\t\t\t\t<\/div>\n\t\t\t\t<\/div>\n\t\t<div class=\"elementor-element elementor-element-c2faeaa e-con-full e-flex e-con e-child\" data-id=\"c2faeaa\" data-element_type=\"container\">\n\t\t\t\t<div class=\"elementor-element elementor-element-6236e13 elementor-icon-list--layout-traditional elementor-list-item-link-full_width elementor-widget elementor-widget-icon-list\" data-id=\"6236e13\" data-element_type=\"widget\" data-widget_type=\"icon-list.default\">\n\t\t\t\t\t\t\t<ul class=\"elementor-icon-list-items\">\n\t\t\t\t\t\t\t<li class=\"elementor-icon-list-item\">\n\t\t\t\t\t\t\t\t\t\t\t<span class=\"elementor-icon-list-icon\">\n\t\t\t\t\t\t\t<svg aria-hidden=\"true\" class=\"e-font-icon-svg e-far-hand-point-right\" viewBox=\"0 0 512 512\" xmlns=\"http:\/\/www.w3.org\/2000\/svg\"><path d=\"M428.8 137.6h-86.177a115.52 115.52 0 0 0 2.176-22.4c0-47.914-35.072-83.2-92-83.2-45.314 0-57.002 48.537-75.707 78.784-7.735 12.413-16.994 23.317-25.851 33.253l-.131.146-.129.148C135.662 161.807 127.764 168 120.8 168h-2.679c-5.747-4.952-13.536-8-22.12-8H32c-17.673 0-32 12.894-32 28.8v230.4C0 435.106 14.327 448 32 448h64c8.584 0 16.373-3.048 22.12-8h2.679c28.688 0 67.137 40 127.2 40h21.299c62.542 0 98.8-38.658 99.94-91.145 12.482-17.813 18.491-40.785 15.985-62.791A93.148 93.148 0 0 0 393.152 304H428.8c45.435 0 83.2-37.584 83.2-83.2 0-45.099-38.101-83.2-83.2-83.2zm0 118.4h-91.026c12.837 14.669 14.415 42.825-4.95 61.05 11.227 19.646 1.687 45.624-12.925 53.625 6.524 39.128-10.076 61.325-50.6 61.325H248c-45.491 0-77.21-35.913-120-39.676V215.571c25.239-2.964 42.966-21.222 59.075-39.596 11.275-12.65 21.725-25.3 30.799-39.875C232.355 112.712 244.006 80 252.8 80c23.375 0 44 8.8 44 35.2 0 35.2-26.4 53.075-26.4 70.4h158.4c18.425 0 35.2 16.5 35.2 35.2 0 18.975-16.225 35.2-35.2 35.2zM88 384c0 13.255-10.745 24-24 24s-24-10.745-24-24 10.745-24 24-24 24 10.745 24 24z\"><\/path><\/svg>\t\t\t\t\t\t<\/span>\n\t\t\t\t\t\t\t\t\t\t<span class=\"elementor-icon-list-text\">URL<\/span>\n\t\t\t\t\t\t\t\t\t<\/li>\n\t\t\t\t\t\t<\/ul>\n\t\t\t\t\t\t<\/div>\n\t\t\t\t<div class=\"elementor-element elementor-element-0078274 elementor-widget elementor-widget-text-editor\" data-id=\"0078274\" data-element_type=\"widget\" data-widget_type=\"text-editor.default\">\n\t\t\t\t\t\t\t\t\t<p><a class=\"sh-accent-color\" href=\"http:\/\/www.cibercomp.com.co\" target=\"_blank\" rel=\"noopener\">www.cibercomp.com.co<\/a><br \/><br \/><\/p>\t\t\t\t\t\t\t\t<\/div>\n\t\t\t\t<div class=\"elementor-element elementor-element-2b87489 elementor-widget-divider--view-line elementor-widget elementor-widget-divider\" data-id=\"2b87489\" data-element_type=\"widget\" data-widget_type=\"divider.default\">\n\t\t\t\t\t\t\t<div class=\"elementor-divider\">\n\t\t\t<span class=\"elementor-divider-separator\">\n\t\t\t\t\t\t<\/span>\n\t\t<\/div>\n\t\t\t\t\t\t<\/div>\n\t\t\t\t<\/div>\n\t\t<div class=\"elementor-element elementor-element-d364924 e-con-full e-flex e-con e-child\" data-id=\"d364924\" data-element_type=\"container\">\n\t\t\t\t<div class=\"elementor-element elementor-element-1d121d9 elementor-icon-list--layout-traditional elementor-list-item-link-full_width elementor-widget elementor-widget-icon-list\" data-id=\"1d121d9\" data-element_type=\"widget\" data-widget_type=\"icon-list.default\">\n\t\t\t\t\t\t\t<ul class=\"elementor-icon-list-items\">\n\t\t\t\t\t\t\t<li class=\"elementor-icon-list-item\">\n\t\t\t\t\t\t\t\t\t\t\t<span class=\"elementor-icon-list-icon\">\n\t\t\t\t\t\t\t<svg aria-hidden=\"true\" class=\"e-font-icon-svg e-far-hand-point-right\" viewBox=\"0 0 512 512\" xmlns=\"http:\/\/www.w3.org\/2000\/svg\"><path d=\"M428.8 137.6h-86.177a115.52 115.52 0 0 0 2.176-22.4c0-47.914-35.072-83.2-92-83.2-45.314 0-57.002 48.537-75.707 78.784-7.735 12.413-16.994 23.317-25.851 33.253l-.131.146-.129.148C135.662 161.807 127.764 168 120.8 168h-2.679c-5.747-4.952-13.536-8-22.12-8H32c-17.673 0-32 12.894-32 28.8v230.4C0 435.106 14.327 448 32 448h64c8.584 0 16.373-3.048 22.12-8h2.679c28.688 0 67.137 40 127.2 40h21.299c62.542 0 98.8-38.658 99.94-91.145 12.482-17.813 18.491-40.785 15.985-62.791A93.148 93.148 0 0 0 393.152 304H428.8c45.435 0 83.2-37.584 83.2-83.2 0-45.099-38.101-83.2-83.2-83.2zm0 118.4h-91.026c12.837 14.669 14.415 42.825-4.95 61.05 11.227 19.646 1.687 45.624-12.925 53.625 6.524 39.128-10.076 61.325-50.6 61.325H248c-45.491 0-77.21-35.913-120-39.676V215.571c25.239-2.964 42.966-21.222 59.075-39.596 11.275-12.65 21.725-25.3 30.799-39.875C232.355 112.712 244.006 80 252.8 80c23.375 0 44 8.8 44 35.2 0 35.2-26.4 53.075-26.4 70.4h158.4c18.425 0 35.2 16.5 35.2 35.2 0 18.975-16.225 35.2-35.2 35.2zM88 384c0 13.255-10.745 24-24 24s-24-10.745-24-24 10.745-24 24-24 24 10.745 24 24z\"><\/path><\/svg>\t\t\t\t\t\t<\/span>\n\t\t\t\t\t\t\t\t\t\t<span class=\"elementor-icon-list-text\">Categories<\/span>\n\t\t\t\t\t\t\t\t\t<\/li>\n\t\t\t\t\t\t<\/ul>\n\t\t\t\t\t\t<\/div>\n\t\t\t\t<div class=\"elementor-element elementor-element-7600c77 elementor-widget elementor-widget-text-editor\" data-id=\"7600c77\" data-element_type=\"widget\" data-widget_type=\"text-editor.default\">\n\t\t\t\t\t\t\t\t\t<p><a class=\"sh-default-color\" href=\"https:\/\/www.bingeeks.com\/portfolio\/pagina-web\/\">P\u00e1gina web<\/a>,\u00a0<a class=\"sh-default-color\" href=\"#\">Dise\u00f1o Gr\u00e1fico<\/a><\/p>\t\t\t\t\t\t\t\t<\/div>\n\t\t\t\t<div class=\"elementor-element elementor-element-83295bd elementor-widget-divider--view-line elementor-widget elementor-widget-divider\" data-id=\"83295bd\" data-element_type=\"widget\" data-widget_type=\"divider.default\">\n\t\t\t\t\t\t\t<div class=\"elementor-divider\">\n\t\t\t<span class=\"elementor-divider-separator\">\n\t\t\t\t\t\t<\/span>\n\t\t<\/div>\n\t\t\t\t\t\t<\/div>\n\t\t\t\t<\/div>\n\t\t\t\t<\/div>\n\t\t\t\t<\/div>\n\t\t\t\t\t<\/div>\n\t\t\t\t<\/div>\n\t\t<div class=\"elementor-element elementor-element-8ca1fd7 e-flex e-con-boxed e-con e-parent\" data-id=\"8ca1fd7\" data-element_type=\"container\">\n\t\t\t\t\t<div class=\"e-con-inner\">\n\t\t<div class=\"elementor-element elementor-element-99074ed e-con-full e-flex e-con e-child\" data-id=\"99074ed\" data-element_type=\"container\">\n\t\t\t\t<div class=\"elementor-element elementor-element-e8d5d52 elementor-widget__width-initial elementor-widget-mobile__width-initial elementor-widget elementor-widget-image\" data-id=\"e8d5d52\" data-element_type=\"widget\" data-widget_type=\"image.default\">\n\t\t\t\t\t\t\t\t\t\t\t\t\t\t\t<img loading=\"lazy\" decoding=\"async\" width=\"461\" height=\"1024\" src=\"https:\/\/bingeeks.websintec.com\/wp-content\/uploads\/2025\/12\/home-full-461x1024.png\" class=\"attachment-large size-large wp-image-1286\" alt=\"\" srcset=\"https:\/\/bingeeks.websintec.com\/wp-content\/uploads\/2025\/12\/home-full-461x1024.png 461w, https:\/\/bingeeks.websintec.com\/wp-content\/uploads\/2025\/12\/home-full-135x300.png 135w, https:\/\/bingeeks.websintec.com\/wp-content\/uploads\/2025\/12\/home-full-768x1704.png 768w, https:\/\/bingeeks.websintec.com\/wp-content\/uploads\/2025\/12\/home-full-692x1536.png 692w, https:\/\/bingeeks.websintec.com\/wp-content\/uploads\/2025\/12\/home-full-923x2048.png 923w, https:\/\/bingeeks.websintec.com\/wp-content\/uploads\/2025\/12\/home-full-scaled.png 1154w\" sizes=\"(max-width: 461px) 100vw, 461px\" \/>\t\t\t\t\t\t\t\t\t\t\t\t\t\t\t<\/div>\n\t\t<div class=\"elementor-element elementor-element-558de03 e-con-full e-flex e-con e-child\" data-id=\"558de03\" data-element_type=\"container\">\n\t\t<div class=\"elementor-element elementor-element-491394c e-grid e-con-full e-con e-child\" data-id=\"491394c\" data-element_type=\"container\">\n\t\t\t\t<div class=\"elementor-element elementor-element-a56138f elementor-widget elementor-widget-image\" data-id=\"a56138f\" data-element_type=\"widget\" data-widget_type=\"image.default\">\n\t\t\t\t\t\t\t\t\t\t\t\t\t\t\t<img loading=\"lazy\" decoding=\"async\" width=\"1024\" height=\"600\" src=\"https:\/\/bingeeks.websintec.com\/wp-content\/uploads\/2025\/12\/home_cc.jpg\" class=\"attachment-large size-large wp-image-1285\" alt=\"\" srcset=\"https:\/\/bingeeks.websintec.com\/wp-content\/uploads\/2025\/12\/home_cc.jpg 1024w, https:\/\/bingeeks.websintec.com\/wp-content\/uploads\/2025\/12\/home_cc-300x176.jpg 300w, https:\/\/bingeeks.websintec.com\/wp-content\/uploads\/2025\/12\/home_cc-768x450.jpg 768w\" sizes=\"(max-width: 1024px) 100vw, 1024px\" \/>\t\t\t\t\t\t\t\t\t\t\t\t\t\t\t<\/div>\n\t\t\t\t<div class=\"elementor-element elementor-element-88720d4 elementor-widget elementor-widget-image\" data-id=\"88720d4\" data-element_type=\"widget\" data-widget_type=\"image.default\">\n\t\t\t\t\t\t\t\t\t\t\t\t\t\t\t<img loading=\"lazy\" decoding=\"async\" width=\"1024\" height=\"600\" src=\"https:\/\/bingeeks.websintec.com\/wp-content\/uploads\/2025\/12\/1quienes-somos.jpg\" class=\"attachment-large size-large wp-image-1315\" alt=\"\" srcset=\"https:\/\/bingeeks.websintec.com\/wp-content\/uploads\/2025\/12\/1quienes-somos.jpg 1024w, https:\/\/bingeeks.websintec.com\/wp-content\/uploads\/2025\/12\/1quienes-somos-300x176.jpg 300w, https:\/\/bingeeks.websintec.com\/wp-content\/uploads\/2025\/12\/1quienes-somos-768x450.jpg 768w\" sizes=\"(max-width: 1024px) 100vw, 1024px\" \/>\t\t\t\t\t\t\t\t\t\t\t\t\t\t\t<\/div>\n\t\t\t\t<div class=\"elementor-element elementor-element-19f8c68 elementor-widget elementor-widget-image\" data-id=\"19f8c68\" data-element_type=\"widget\" data-widget_type=\"image.default\">\n\t\t\t\t\t\t\t\t\t\t\t\t\t\t\t<img loading=\"lazy\" decoding=\"async\" width=\"1024\" height=\"600\" src=\"https:\/\/bingeeks.websintec.com\/wp-content\/uploads\/2025\/12\/1servicios.jpg\" class=\"attachment-large size-large wp-image-1316\" alt=\"\" srcset=\"https:\/\/bingeeks.websintec.com\/wp-content\/uploads\/2025\/12\/1servicios.jpg 1024w, https:\/\/bingeeks.websintec.com\/wp-content\/uploads\/2025\/12\/1servicios-300x176.jpg 300w, https:\/\/bingeeks.websintec.com\/wp-content\/uploads\/2025\/12\/1servicios-768x450.jpg 768w\" sizes=\"(max-width: 1024px) 100vw, 1024px\" \/>\t\t\t\t\t\t\t\t\t\t\t\t\t\t\t<\/div>\n\t\t\t\t<div class=\"elementor-element elementor-element-4592ade elementor-widget elementor-widget-image\" data-id=\"4592ade\" data-element_type=\"widget\" data-widget_type=\"image.default\">\n\t\t\t\t\t\t\t\t\t\t\t\t\t\t\t<img loading=\"lazy\" decoding=\"async\" width=\"1024\" height=\"600\" src=\"https:\/\/bingeeks.websintec.com\/wp-content\/uploads\/2025\/12\/1tienda.jpg\" class=\"attachment-large size-large wp-image-1317\" alt=\"\" srcset=\"https:\/\/bingeeks.websintec.com\/wp-content\/uploads\/2025\/12\/1tienda.jpg 1024w, https:\/\/bingeeks.websintec.com\/wp-content\/uploads\/2025\/12\/1tienda-300x176.jpg 300w, https:\/\/bingeeks.websintec.com\/wp-content\/uploads\/2025\/12\/1tienda-768x450.jpg 768w\" sizes=\"(max-width: 1024px) 100vw, 1024px\" \/>\t\t\t\t\t\t\t\t\t\t\t\t\t\t\t<\/div>\n\t\t\t\t<\/div>\n\t\t\t\t<\/div>\n\t\t\t\t<\/div>\n\t\t\t\t\t<\/div>\n\t\t\t\t<\/div>\n\t\t\t\t<\/div>\n\t\t","protected":false},"excerpt":{"rendered":"<p>CIBERCOMP P\u00e1gina web basada en CMS WordPress DesarrolloGr\u00e1fico Desarrollode Marca SHARE Desarrollado por BinGeeks Cliente Cibercomp URL www.cibercomp.com.co Categories P\u00e1gina web,\u00a0Dise\u00f1o Gr\u00e1fico<\/p>\n","protected":false},"author":1,"featured_media":1285,"parent":0,"menu_order":0,"comment_status":"closed","ping_status":"closed","template":"elementor_header_footer","meta":{"footnotes":""},"class_list":["post-694","page","type-page","status-publish","has-post-thumbnail","hentry"],"_links":{"self":[{"href":"https:\/\/bingeeks.websintec.com\/index.php\/wp-json\/wp\/v2\/pages\/694","targetHints":{"allow":["GET"]}}],"collection":[{"href":"https:\/\/bingeeks.websintec.com\/index.php\/wp-json\/wp\/v2\/pages"}],"about":[{"href":"https:\/\/bingeeks.websintec.com\/index.php\/wp-json\/wp\/v2\/types\/page"}],"author":[{"embeddable":true,"href":"https:\/\/bingeeks.websintec.com\/index.php\/wp-json\/wp\/v2\/users\/1"}],"replies":[{"embeddable":true,"href":"https:\/\/bingeeks.websintec.com\/index.php\/wp-json\/wp\/v2\/comments?post=694"}],"version-history":[{"count":165,"href":"https:\/\/bingeeks.websintec.com\/index.php\/wp-json\/wp\/v2\/pages\/694\/revisions"}],"predecessor-version":[{"id":1472,"href":"https:\/\/bingeeks.websintec.com\/index.php\/wp-json\/wp\/v2\/pages\/694\/revisions\/1472"}],"wp:featuredmedia":[{"embeddable":true,"href":"https:\/\/bingeeks.websintec.com\/index.php\/wp-json\/wp\/v2\/media\/1285"}],"wp:attachment":[{"href":"https:\/\/bingeeks.websintec.com\/index.php\/wp-json\/wp\/v2\/media?parent=694"}],"curies":[{"name":"wp","href":"https:\/\/api.w.org\/{rel}","templated":true}]}}